{"id":10299,"date":"2016-08-07T14:18:00","date_gmt":"2016-08-07T11:18:00","guid":{"rendered":"http:\/\/metaleader.ee\/game-cash-flow\/"},"modified":"2021-02-04T12:03:52","modified_gmt":"2021-02-04T10:03:52","slug":"game-cash-flow","status":"publish","type":"page","link":"https:\/\/metaleader.ee\/et\/game-cash-flow\/","title":{"rendered":"M\u00e4ng Cash flow \u2014 finantsoskuste treening"},"content":{"rendered":"<style type=\"text\/css\"> \n#cmsmasters_row_69d79038ec6c9 .cmsmasters_row_outer_parent { \n\tpadding-top: 0px; \n} \n\n#cmsmasters_row_69d79038ec6c9 .cmsmasters_row_outer_parent { \n\tpadding-bottom: 50px; \n} \n\n \n#cmsmasters_icon_box_69d79038ecb1b { \n\tborder-width:0px; \n} \n\n#cmsmasters_icon_box_69d79038ecb1b:before, \n#cmsmasters_icon_box_69d79038ecb1b .icon_box_heading:before { \n\tfont-size:30px; \n\tline-height:50px; \n\twidth:50px; \n\theight:50px; \n\tborder-width:0px; \n\t-webkit-border-radius:50%; \n\tborder-radius:50%; \n} \n\n#cmsmasters_icon_box_69d79038ecb1b.cmsmasters_icon_box_left, \n#cmsmasters_icon_box_69d79038ecb1b.cmsmasters_icon_box_left_top { \n\tpadding-left:55px; \n\tmargin-left:25px; \n\t} \n\n#cmsmasters_icon_box_69d79038ecb1b.cmsmasters_icon_box_left:before, \n#cmsmasters_icon_box_69d79038ecb1b.cmsmasters_icon_box_left_top:before { \n\tleft:-25px; \n\t} \n\n#cmsmasters_icon_box_69d79038ecb1b.cmsmasters_icon_box_left:before { \n\tmargin-top:-25px; \n\t} \n\n \n#cmsmasters_icon_box_69d79038ecb81 { \n\tborder-width:0px; \n} \n\n#cmsmasters_icon_box_69d79038ecb81:before, \n#cmsmasters_icon_box_69d79038ecb81 .icon_box_heading:before { \n\tfont-size:30px; \n\tline-height:50px; \n\twidth:50px; \n\theight:50px; \n\tborder-width:0px; \n\t-webkit-border-radius:50%; \n\tborder-radius:50%; \n} \n\n#cmsmasters_icon_box_69d79038ecb81.cmsmasters_icon_box_left, \n#cmsmasters_icon_box_69d79038ecb81.cmsmasters_icon_box_left_top { \n\tpadding-left:55px; \n\tmargin-left:25px; \n\t} \n\n#cmsmasters_icon_box_69d79038ecb81.cmsmasters_icon_box_left:before, \n#cmsmasters_icon_box_69d79038ecb81.cmsmasters_icon_box_left_top:before { \n\tleft:-25px; \n\t} \n\n#cmsmasters_icon_box_69d79038ecb81.cmsmasters_icon_box_left:before { \n\tmargin-top:-25px; \n\t} \n\n \n#cmsmasters_row_69d79038ecc1a .cmsmasters_row_outer_parent { \n\tpadding-top: 0px; \n} \n\n#cmsmasters_row_69d79038ecc1a .cmsmasters_row_outer_parent { \n\tpadding-bottom: 50px; \n} \n\n<\/style><div id=\"cmsmasters_row_69d79038ec6c9\" class=\"cmsmasters_row cmsmasters_color_scheme_default cmsmasters_row_top_default cmsmasters_row_bot_default cmsmasters_row_boxed\">\n<div class=\"cmsmasters_row_outer_parent\">\n<div class=\"cmsmasters_row_outer\">\n<div class=\"cmsmasters_row_inner\">\n<div class=\"cmsmasters_row_margin\">\n<div class=\"cmsmasters_column one_first\">\n<div class=\"cmsmasters_img  cmsmasters_image_n with_caption\">\n<img src=\"https:\/\/metaleader.ee\/wp-content\/uploads\/2016\/08\/10448182_803537342998826_6804762775017627833_n.jpg\" alt=\" \u0418\u0433\u0440\u0430 \u0414\u0435\u043d\u0435\u0436\u043d\u044b\u0439 \u041f\u043e\u0442\u043e\u043a \u0420\u043e\u0431\u0435\u0440\u0442\u0430 \u041a\u0438\u0439\u043e\u0441\u043a\u0430\u0438\" \/>\n<p class=\"cmsmasters_img_caption\">\u0418\u0433\u0440\u0430 \u0414\u0435\u043d\u0435\u0436\u043d\u044b\u0439 \u041f\u043e\u0442\u043e\u043a \u0420\u043e\u0431\u0435\u0440\u0442\u0430 \u041a\u0438\u0439\u043e\u0441\u043a\u0430\u0438<\/p><\/div>\n<div class=\"cmsmasters_text\">\n<p>\u00d5ppekursus \u00abCASHFLOW 101: 12 sammu finantsvabaduse poole\u00bb (Robert Kiyosaki m\u00e4ngu \u201cRahavoog\u201d baasil)<\/p>\n<p>K\u00f5ik me unistame valikuvabadusest: mis teha ja millal teha? Reaalne vabadus on valikuvabadus ja tegevused. K\u00f5ik me tahame iseseisvalt otsustada, millega tegeleda ja kus puhata ning mitte l\u00e4htuda kitsetest raha- ja ajav\u00f5imalustest, mida annab meile t\u00f6\u00f6andja. Muutuste vajadus on ilmselge, kuid v\u00e4hesed meist teavad, kuidas muuta oma elu.<\/p>\n<p>Robert Kiyosaki raamatud ja m\u00e4ng \u201cRahavoog\u201c \u00f5petavad inimesi saada finantsiseseisvaks ning sellega on muutnud paljude inimeste elud. Teil on v\u00f5imalus aru saada, mis stereot\u00fc\u00fcbid segavad teid saavutada finantsiseseisvust.<\/p>\n<p>Kujuta ette, et v\u00f5ib karta t\u00f6\u00f6tada 40 aastat oodates pensioni, vallandamist, vananemist ja su lapsed ei n\u00e4egi sind, st sa viibid palju t\u00f6\u00f6l.<\/p>\n<p>V\u00e4ljap\u00e4\u00e4s on. Tuleb likvideerida hirmu ning hakata tegutsema. Olla muutuste seisundis vaid 40 p\u00e4eva, see on v\u00e4ga l\u00fchike periood v\u00f5rreldes 40 aastaga hirmu.<\/p>\n<p>Tule ja \u00f5ppi planeerida oma eelarvet huvitaval ja iga\u00fchele k\u00e4ttesaadaval treeningul, tehtud \u201eRahavoog\u201c m\u00e4ngu baasil.<\/p>\n<p>Mis on \u201eRahavoog\u201c? See on majanduslik lauam\u00e4ng, mis \u00f5petab l\u00f5busal ja seltskondlikul viisil algt\u00f5desid raamatupidamisest ja investeerimisest.<\/p>\n<\/div>\n\n<div id=\"cmsmasters_icon_box_69d79038ecb1b\" class=\"cmsmasters_icon_box cmsmasters_icon_box_left box_icon_type_icon cmsmasters-icon-graduation-cap-3\">\n<div class=\"icon_box_inner\">\n<h1 class=\"icon_box_heading\">MIS TULEMUS TEID OOTAB:<\/h1>\n<div class=\"icon_box_text\">\n<ul>\n<li>Finantsprioriteetide paika panemise oskus<\/li>\n<li>Kindlad majanduslikud eesm\u00e4rgid<\/li>\n<li>M\u00f5tlemise muutus (vaene m\u00f5tlemine, rikka m\u00f5tlemise vastu)<\/li>\n<li>Isiklik eelarve ja selle planeerimine<\/li>\n<li>Arusaam, kuidas suurendada olemasolevaid rahavoogusid ja teha uusi.<\/li>\n<li>Majandusoskuste \u00fcleandmine lastele<\/li>\n<\/ul>\n<\/div>\n<\/div>\n<\/div>\n\n<div id=\"cmsmasters_icon_box_69d79038ecb81\" class=\"cmsmasters_icon_box cmsmasters_icon_box_left box_icon_type_icon cmsmasters-icon-user-group\">\n<div class=\"icon_box_inner\">\n<h1 class=\"icon_box_heading\">Kellele on m\u00f5eldud treening:<\/h1>\n<div class=\"icon_box_text\">\n<ul>\n<li>Inimesetele, kellel on unistused ja nende t\u00e4itmiseks on vaja raha<\/li>\n<li>Inimestele, kes oskavad teenida raha ning otsivad uusi rahateenimise v\u00f5imalusi.<\/li>\n<li>Inimestele, kes teavad, et \u00f5ige eelarve planeerimisel on v\u00f5imalik elada v\u00e4\u00e4rikalt.<\/li>\n<li>K\u00f5ik, kes teavad krediidi negatiivsetest tagaj\u00e4rjetest<\/li>\n<li>Treening ei koosne igavatest graafikutest ja numbritest, see on p\u00f5nev seiklus rahamaailmasse, kus on huvitav nii \u00e4rimehele kui ka koduperenaisele.<\/li>\n<li>Meie treeningutes osalesid inimesed vanuses 18-70 aastat (majanduslike oskuste omandamine ei ole kunagi hilja ega vara)<\/li>\n<\/ul>\n<\/div>\n<\/div>\n<\/div>\n<\/div>\n<\/div>\n<\/div>\n<\/div>\n<\/div>\n<\/div>\n<div id=\"cmsmasters_row_69d79038ecc1a\" class=\"cmsmasters_row cmsmasters_color_scheme_default cmsmasters_row_top_default cmsmasters_row_bot_default cmsmasters_row_boxed\">\n<div class=\"cmsmasters_row_outer_parent\">\n<div class=\"cmsmasters_row_outer\">\n<div class=\"cmsmasters_row_inner\">\n<div class=\"cmsmasters_row_margin\">\n<div class=\"cmsmasters_column one_first\">\n<div class=\"cmsmasters_text\">\n<p>Kursus \u00abCASHFLOW 12 sammu finantsvabaduse poole\u00bb koosneb 12 treeningutest, kus te m\u00f5istate, et rikkus ei ole ainult pangaarve suurus, kuid ka m\u00f5tlemise viis. \u00a0Just sellist m\u00f5tteviisi kujundate antud kursuse raames.<\/p>\n<p>N\u00e4itame teile teie tegevuste ja otsuste tulemust: \u00f5iged otsused nagu eluski viivad tipule ja valed kaotusele. Kaotused \u00f5petavad teid langetama otsuseid iseseisvalt ja kujundavad majandusliku m\u00f5tlemist reaalses elus.<\/p>\n<p>M\u00e4ngus \u00abCashflow\u00bb on \u00e4rinduse ja investeerimise seadused, mis t\u00f6\u00f6tavad elus. V\u00f5ites m\u00e4ngus omandate oskusi, et saavutada edu ka reaalsuses.<\/p>\n<p>Baaskursus \u00abCASHFLOW: 12 sammu finantsvabaduse poole\u00bb \u2014 ei ole ainult \u00f5pe, see on instrumentide ja meetodite kogum oma finantsv\u00f5imaluste avamiseks ja elukvaliteedi parendamiseks.<\/p>\n<\/div>\n<div class=\"cmsmasters_text\">\n<h3>\u00abCASHFLOW 202 \u2014 j\u00e4rgmine samm finantsiseseisvuse poole\u00bb<\/h3>\n<p>\u00d5pekursus \u00abCASHFLOW 202 \u2014 j\u00e4rgmine samm finantsiseseisvuse poole\u00bb \u2014 koosneb 12 treeningutest, igas treeningus on teoreetiline ja praktiline osa finantstrena\u017e\u00f6\u00f6riga \u00a0CASHFLOW 202.<\/p>\n<p>Juhtub, et saame uusi teadmisi ja oskusi, kuid ei rakenda neid elus, st \u00fcmbruskond, tavaelu, harjumused, laiskus ja hirmud segavad, tuleb tagasilangus. \u00c4ra lase s\u00fcsteemil h\u00e4vitada sind ja su unistusi!<\/p>\n<p>\u201eRIKKA\u201c m\u00f5tlemise kujundamine on lihtne! Kuid see on protsess ja n\u00f5uab p\u00fcsivust ning kinnitust. Parim v\u00f5imalus teha seda inimestega, kellel on samad sihtm\u00e4rgid ja huvid!<\/p>\n<p>Kas soovid majanduslikult areneda ja astuda sammu edasi edu ja rohkuse poole?<br \/>\nCashflow 202 on oma finantsoskuste arendamise ideaalne viis. See on reaalsuse imitatsioon, v\u00f5imalus m\u00e4ngida maailmaturuga kaasm\u00f5tlejate ringis. Tulemuseks on uued oskused, mis aitavad v\u00e4lja kujundada uut finantseerimisstrateegia ja investeerimise viisi.<\/p>\n<p>L\u00e4bitud kursuse tulemused:<\/p>\n<ul>\n<li>Uus finantseelistuste prioriteetide kord<\/li>\n<li>Konkreetsete ressursside eesm\u00e4rgid<\/li>\n<li>M\u00f5tlemisviisi muutmine (rikka inimese m\u00f5tlemine vaese m\u00f5tlemise asemel)<\/li>\n<li>Isiklik eelarve ja isiklike rahavahendite planeerimine<\/li>\n<li>Arusaam, kuidas suurendada praegused rahavoolud ja luua uued<\/li>\n<li>Uued \u00e4ripartnerid ja positiivne kaasm\u00f5tlejate keskkond<\/li>\n<\/ul>\n<p>Milles seisneb kursuse unikaalsus?<\/p>\n<ul>\n<li>Finantsteadmiste ja praktilise ps\u00fchholoogia \u00fcheskoos muudavad m\u00f5tlemisviisi.<\/li>\n<li>Iga m\u00e4ngulaua taga on \u00fcks l\u00e4biviija, m\u00e4ngida 202 ei ole lihtne k\u00f5rval abita.<\/li>\n<li>K\u00f5ik kutsutud esinejad on professionaalid, kes jagavad oma kogemusi.<\/li>\n<li>See on esimene ja unikaalne CASHFLOW 202 kursus \u2013 analoogia vaba<\/li>\n<\/ul>\n<h3><span style=\"color: #9a47a4;\"><a href=\"http:\/\/www.youtube.com\/channel\/UC49PD92em2T16WRwPUl2X1w\">Osalejate tagasiside youtube kanalis <\/a><\/span><\/h3>\n<\/div>\n<div class=\"cmsmasters_text\">\n<p>Kursuse l\u00e4biviijad:<\/p>\n<p>Natalja Stepanenko- Meta Leader keskuse treener, CASHFLOW m\u00e4ngude sertifitseeritud treener, koolitas rohkem kui 200 inimest.<\/p>\n<p>\u00d5ppeprogrammide ja meistriklasside l\u00e4biviija ja time-m\u00e4ned\u017emendi, isikliku efektiivsuse, efektiivse kommunikatsiooni ja erinevate \u00f5pem\u00e4ngude valdkondades.<\/p>\n<p>Ps\u00fchholoogiliste rollim\u00e4ngude MAFFIA l\u00e4biviija. M\u00e4ngu VALETAJA autor ja l\u00e4biviija.<\/p>\n<p>NLP\/ ICTA sertifitseeritud meister ja treener. Sertifitseeritud ICU coach, ICTA \u00e4ritreener.<\/p>\n<p>\u00d5pekursuse hind: 240 eurot 12 korda.<\/p>\n<p>L\u00e4bides antud treeningut v\u00f5ib kahetseda ainult seda, et ei ole seda varem teinud!<\/p>\n<\/div>\n<\/div>\n<\/div>\n<\/div>\n<\/div>\n<\/div>\n<\/div>\n\n","protected":false},"excerpt":{"rendered":"\u0418\u0433\u0440\u0430 \u0414\u0435\u043d\u0435\u0436\u043d\u044b\u0439 \u041f\u043e\u0442\u043e\u043a \u0420\u043e\u0431\u0435\u0440\u0442\u0430 \u041a\u0438\u0439\u043e\u0441\u043a\u0430\u0438 \u00d5ppekursus \u00abCASHFLOW 101: 12 sammu finantsvabaduse poole\u00bb (Robert Kiyosaki m\u00e4ngu \u201cRahavoog\u201d baasil) K\u00f5ik me unistame valikuvabadusest: mis teha ja millal teha? Reaalne vabadus on valikuvabadus ja tegevused. K\u00f5ik me tahame iseseisvalt otsustada, millega tegeleda ja kus puhata ning mitte l\u00e4htuda kitsetest raha- ja ajav\u00f5imalustest, mida annab meile t\u00f6\u00f6andja. Muutuste vajadus...","protected":false},"author":5,"featured_media":0,"parent":0,"menu_order":0,"comment_status":"closed","ping_status":"closed","template":"","meta":{"inline_featured_image":false},"acf":[],"yoast_head":"<!-- This site is optimized with the Yoast SEO Premium plugin v17.7 (Yoast SEO v19.7.1) - https:\/\/yoast.com\/wordpress\/plugins\/seo\/ -->\n<title>M\u00e4ng Cash flow \u2014 finantsoskuste treening - Meta Leader<\/title>\n<meta name=\"robots\" content=\"index, follow, max-snippet:-1, max-image-preview:large, max-video-preview:-1\" \/>\n<link rel=\"canonical\" href=\"https:\/\/metaleader.ee\/et\/game-cash-flow\/\" \/>\n<meta property=\"og:locale\" content=\"et_EE\" \/>\n<meta property=\"og:type\" content=\"article\" \/>\n<meta property=\"og:title\" content=\"M\u00e4ng Cash flow \u2014 finantsoskuste treening\" \/>\n<meta property=\"og:url\" content=\"https:\/\/metaleader.ee\/et\/game-cash-flow\/\" \/>\n<meta property=\"og:site_name\" content=\"Meta Leader\" \/>\n<meta property=\"article:modified_time\" content=\"2021-02-04T10:03:52+00:00\" \/>\n<meta name=\"twitter:card\" content=\"summary\" \/>\n<meta name=\"twitter:label1\" content=\"Est. reading time\" \/>\n\t<meta name=\"twitter:data1\" content=\"5 minutit\" \/>\n<script type=\"application\/ld+json\" class=\"yoast-schema-graph\">{\"@context\":\"https:\/\/schema.org\",\"@graph\":[{\"@type\":\"WebPage\",\"@id\":\"https:\/\/metaleader.ee\/et\/game-cash-flow\/\",\"url\":\"https:\/\/metaleader.ee\/et\/game-cash-flow\/\",\"name\":\"M\u00e4ng Cash flow \u2014 finantsoskuste treening - Meta Leader\",\"isPartOf\":{\"@id\":\"https:\/\/metaleader.ee\/#website\"},\"datePublished\":\"2016-08-07T11:18:00+00:00\",\"dateModified\":\"2021-02-04T10:03:52+00:00\",\"breadcrumb\":{\"@id\":\"https:\/\/metaleader.ee\/et\/game-cash-flow\/#breadcrumb\"},\"inLanguage\":\"et\",\"potentialAction\":[{\"@type\":\"ReadAction\",\"target\":[\"https:\/\/metaleader.ee\/et\/game-cash-flow\/\"]}]},{\"@type\":\"BreadcrumbList\",\"@id\":\"https:\/\/metaleader.ee\/et\/game-cash-flow\/#breadcrumb\",\"itemListElement\":[{\"@type\":\"ListItem\",\"position\":1,\"name\":\"Home\",\"item\":\"https:\/\/metaleader.ee\/et\/\"},{\"@type\":\"ListItem\",\"position\":2,\"name\":\"M\u00e4ng Cash flow \u2014 finantsoskuste treening\"}]},{\"@type\":\"WebSite\",\"@id\":\"https:\/\/metaleader.ee\/#website\",\"url\":\"https:\/\/metaleader.ee\/\",\"name\":\"Meta Leader\",\"description\":\"\u041f\u0440\u043e\u0444\u0435\u0441\u0441\u0438\u043e\u043d\u0430\u043b\u044c\u043d\u044b\u0435 \u043a\u0443\u0440\u0441\u044b \u043f\u043e \u041d\u041b\u041f \u0438 \u041a\u043e\u0443\u0447\u0438\u043d\u0433\u0443\",\"potentialAction\":[{\"@type\":\"SearchAction\",\"target\":{\"@type\":\"EntryPoint\",\"urlTemplate\":\"https:\/\/metaleader.ee\/?s={search_term_string}\"},\"query-input\":\"required name=search_term_string\"}],\"inLanguage\":\"et\"}]}<\/script>\n<!-- \/ Yoast SEO Premium plugin. -->","yoast_head_json":{"title":"M\u00e4ng Cash flow \u2014 finantsoskuste treening - Meta Leader","robots":{"index":"index","follow":"follow","max-snippet":"max-snippet:-1","max-image-preview":"max-image-preview:large","max-video-preview":"max-video-preview:-1"},"canonical":"https:\/\/metaleader.ee\/et\/game-cash-flow\/","og_locale":"et_EE","og_type":"article","og_title":"M\u00e4ng Cash flow \u2014 finantsoskuste treening","og_url":"https:\/\/metaleader.ee\/et\/game-cash-flow\/","og_site_name":"Meta Leader","article_modified_time":"2021-02-04T10:03:52+00:00","twitter_card":"summary","twitter_misc":{"Est. reading time":"5 minutit"},"schema":{"@context":"https:\/\/schema.org","@graph":[{"@type":"WebPage","@id":"https:\/\/metaleader.ee\/et\/game-cash-flow\/","url":"https:\/\/metaleader.ee\/et\/game-cash-flow\/","name":"M\u00e4ng Cash flow \u2014 finantsoskuste treening - Meta Leader","isPartOf":{"@id":"https:\/\/metaleader.ee\/#website"},"datePublished":"2016-08-07T11:18:00+00:00","dateModified":"2021-02-04T10:03:52+00:00","breadcrumb":{"@id":"https:\/\/metaleader.ee\/et\/game-cash-flow\/#breadcrumb"},"inLanguage":"et","potentialAction":[{"@type":"ReadAction","target":["https:\/\/metaleader.ee\/et\/game-cash-flow\/"]}]},{"@type":"BreadcrumbList","@id":"https:\/\/metaleader.ee\/et\/game-cash-flow\/#breadcrumb","itemListElement":[{"@type":"ListItem","position":1,"name":"Home","item":"https:\/\/metaleader.ee\/et\/"},{"@type":"ListItem","position":2,"name":"M\u00e4ng Cash flow \u2014 finantsoskuste treening"}]},{"@type":"WebSite","@id":"https:\/\/metaleader.ee\/#website","url":"https:\/\/metaleader.ee\/","name":"Meta Leader","description":"\u041f\u0440\u043e\u0444\u0435\u0441\u0441\u0438\u043e\u043d\u0430\u043b\u044c\u043d\u044b\u0435 \u043a\u0443\u0440\u0441\u044b \u043f\u043e \u041d\u041b\u041f \u0438 \u041a\u043e\u0443\u0447\u0438\u043d\u0433\u0443","potentialAction":[{"@type":"SearchAction","target":{"@type":"EntryPoint","urlTemplate":"https:\/\/metaleader.ee\/?s={search_term_string}"},"query-input":"required name=search_term_string"}],"inLanguage":"et"}]}},"_links":{"self":[{"href":"https:\/\/metaleader.ee\/et\/wp-json\/wp\/v2\/pages\/10299"}],"collection":[{"href":"https:\/\/metaleader.ee\/et\/wp-json\/wp\/v2\/pages"}],"about":[{"href":"https:\/\/metaleader.ee\/et\/wp-json\/wp\/v2\/types\/page"}],"author":[{"embeddable":true,"href":"https:\/\/metaleader.ee\/et\/wp-json\/wp\/v2\/users\/5"}],"replies":[{"embeddable":true,"href":"https:\/\/metaleader.ee\/et\/wp-json\/wp\/v2\/comments?post=10299"}],"version-history":[{"count":10,"href":"https:\/\/metaleader.ee\/et\/wp-json\/wp\/v2\/pages\/10299\/revisions"}],"predecessor-version":[{"id":10949,"href":"https:\/\/metaleader.ee\/et\/wp-json\/wp\/v2\/pages\/10299\/revisions\/10949"}],"wp:attachment":[{"href":"https:\/\/metaleader.ee\/et\/wp-json\/wp\/v2\/media?parent=10299"}],"curies":[{"name":"wp","href":"https:\/\/api.w.org\/{rel}","templated":true}]}}